{"id":9435,"date":"2026-02-09T12:45:49","date_gmt":"2026-02-09T20:45:49","guid":{"rendered":"https:\/\/movimientoafrolatino.org\/projects\/connecting-intro\/mas-space-for-youths-2026\/"},"modified":"2026-04-21T15:58:44","modified_gmt":"2026-04-21T22:58:44","slug":"mas-space-for-youths-2026","status":"publish","type":"page","link":"https:\/\/movimientoafrolatino.org\/en\/projects\/connecting-intro\/mas-space-for-youths-2026\/","title":{"rendered":"M\u00e1s space for Youths 2026"},"content":{"rendered":"<div class=\"wpb-content-wrapper\">[vc_row][vc_column][vc_column_text css=&#8221;&#8221;]\n<p style=\"text-align: center;\">Welcome to the youth program <strong>Conect\u00e1ndonos M\u00e1s<\/strong>. In this section you will find all the information you need to know about the 2026 program. We are excited to accompany you on this journey of self-discovery and reconnection with our history through the arts. <\/p>\n<h5 style=\"text-align: center;\">See the 2026 program schedule<strong><a href=\"https:\/\/movimientoafrolatino.org\/en\/projects\/connecting-intro\/mas-space-for-youths-2026\/#cronograma\"> Here<\/a><\/strong><\/h5>\n<h5 style=\"text-align: center;\"><strong>What we will do next week<\/strong><strong><a href=\"https:\/\/movimientoafrolatino.org\/en\/projects\/connecting-intro\/mas-space-for-youths-2026\/#cronograma\"> Here<\/a><\/strong><\/h5>\n<h5 style=\"text-align: center;\">Meet the artist facilitators and the program team. <strong><a href=\"https:\/\/movimientoafrolatino.org\/en\/projects\/connecting-intro\/mas-space-for-youths-2026\/#artistas\">Here<\/a><\/strong><\/h5>\n<h5 style=\"text-align: center;\">Access to the resources we use in our meetings <a href=\"https:\/\/movimientoafrolatino.org\/en\/projects\/connecting-intro\/mas-space-for-youths-2026\/#recursos\"><strong>Here<\/strong><\/a><\/h5>\n<h5 style=\"text-align: center;\">Learn about the youth committees <strong><a href=\"https:\/\/movimientoafrolatino.org\/en\/projects\/connecting-intro\/mas-space-for-youths-2026\/#comites\">Here<\/a><\/strong><\/h5>\n<h5 style=\"text-align: center;\">Fill out the start point survey <a href=\"https:\/\/docs.google.com\/forms\/d\/e\/1FAIpQLSdA2gbHsMaWzVaWboMf5T_-fDk6S12k2MHOe0DAitvxYbxPeg\/viewform\">here<\/a><\/h5>\n[\/vc_column_text][\/vc_column][\/vc_row][vc_section][vc_row section_id=&#8221;cronograma&#8221;][vc_column]<div class=\"shortcode-wrapper shortcode-title clearfix\"><h2 style=\"color:#8224E3!important;border-color:#8224E3\" class=\"\">Esta semana en el programa de J\u00f3venes<\/h2><\/div>[vc_separator color=&#8221;turquoise&#8221; style=&#8221;double&#8221; css=&#8221;&#8221;][vc_row_inner][vc_column_inner width=&#8221;1\/2&#8243;][vc_column_text css=&#8221;&#8221;]<strong><mark>Rooting #4<\/mark><\/strong><\/p>\n<p>This Saturday at 1:00 pm at UCC, we will share with<strong><a href=\"http:\/\/monicamrojas.com\/\"> Monica Rojas,<\/a> <\/strong>who will guide us on a walk through the history of transatlantic trafficking and the resistance of enslaved people in Abya Yala. We will also advance our collective creation on canvas.[\/vc_column_text][\/vc_column_inner][vc_column_inner width=&#8221;1\/2&#8243;][\/vc_column_inner][\/vc_row_inner][vc_text_separator title=&#8221;Previously&#8221; title_align=&#8221;separator_align_left&#8221; color=&#8221;vista_blue&#8221; style=&#8221;dotted&#8221; border_width=&#8221;2&#8243; css=&#8221;&#8221;][vc_row_inner][vc_column_inner width=&#8221;1\/3&#8243;][vc_single_image image=&#8221;9628&#8243; img_size=&#8221;1000&#215;1000&#8243; onclick=&#8221;link_image&#8221; css=&#8221;&#8221;][vc_column_text css=&#8221;&#8221;]<b>Project to connect with the cultural and artistic traditions of the black communities of Abya Yala <\/b><b>Chapter: <\/b><strong><mark>Garifuna Culture<\/mark><\/strong><\/p>\n<h5>We learned the basic movements of different dances, used traditional clothes and sang with<strong> teacher Juanita Crisanto<\/strong>.<\/h5>\n[\/vc_column_text][\/vc_column_inner][vc_column_inner width=&#8221;1\/3&#8243;][vc_single_image image=&#8221;9622&#8243; img_size=&#8221;1000&#215;1000&#8243; onclick=&#8221;link_image&#8221; css=&#8221;&#8221;][vc_column_text css=&#8221;&#8221;]<strong><mark> Rooting#3 <\/mark><\/strong><\/p>\n<h5>We consolidated our teamwork and worked on the collective Canvas.<\/h5>\n[\/vc_column_text][\/vc_column_inner][vc_column_inner width=&#8221;1\/3&#8243;][vc_single_image image=&#8221;9630&#8243; img_size=&#8221;1000&#215;1000&#8243; onclick=&#8221;link_image&#8221; css=&#8221;&#8221;][vc_column_text css=&#8221;&#8221;]<b>Project to connect with the cultural and artistic traditions of the black communities of Abya Yala <\/b><b>Chapter: <\/b><strong><mark>Capoeira <\/mark><\/strong> <\/p>\n<h5>We go through the history of the enslaved and their tactics of resistance in Brazil with a piece of Capoeira with Silvio FICA<\/h5>\n[\/vc_column_text][\/vc_column_inner][\/vc_row_inner][vc_row_inner][vc_column_inner width=&#8221;1\/3&#8243; css=&#8221;.vc_custom_1772824035365{border-color: #8224E3 !important;}&#8221;][vc_single_image image=&#8221;9626&#8243; img_size=&#8221;1000&#215;1000&#8243; onclick=&#8221;link_image&#8221; css=&#8221;&#8221;][vc_column_text css=&#8221;.vc_custom_1776812189475{border-color: #8224E3 !important;}&#8221;]<strong><mark> Rooting#2<\/mark><\/strong><\/p>\n<h5>We talked about identity, ethnicity and nation.<\/h5>\n<h5>We shared our family stories<\/h5>\n<h5>We started a conversation about what our rights are.<\/h5>\n[\/vc_column_text][\/vc_column_inner][vc_column_inner width=&#8221;1\/3&#8243;][vc_single_image image=&#8221;9624&#8243; img_size=&#8221;1000&#215;1000&#8243; onclick=&#8221;link_image&#8221; css=&#8221;&#8221;][vc_column_text css=&#8221;.vc_custom_1776812162878{border-color: #8224E3 !important;}&#8221;]<strong><mark> Rooting#1 <\/mark><\/strong><\/p>\n<h5>We met Mestre Silvio Dos Reis<\/h5>\n<h5>We related to the concepts of identity and rooting.<\/h5>\n<h5>We ate Puerto Rican beef alcapurrias.<\/h5>\n<h5>We worked as committees<\/h5>\n<h5>We told the story of our names<\/h5>\n[\/vc_column_text][\/vc_column_inner][vc_column_inner width=&#8221;1\/3&#8243;][vc_single_image image=&#8221;9417&#8243; img_size=&#8221;1000&#215;1000&#8243; onclick=&#8221;link_image&#8221; css=&#8221;&#8221;][\/vc_column_inner][\/vc_row_inner][vc_separator color=&#8221;turquoise&#8221; style=&#8221;dashed&#8221; css=&#8221;&#8221;][\/vc_column][\/vc_row][vc_row][vc_column width=&#8221;1\/2&#8243;][vc_column_text css=&#8221;&#8221;]\n<h5><b>Youths will participate in 3 collective projects<\/b><span style=\"font-weight: 400;\">:<br \/>\n<\/span><span style=\"font-weight: 400;\"><br \/>\n<\/span><span style=\"font-weight: 400;\">1-<strong> Community organization<\/strong>: Your work in each committee. <a href=\"https:\/\/movimientoafrolatino.org\/en\/projects\/connecting-intro\/mas-space-for-youths-2026\/#comites\">more info<\/a><\/span><\/h5>\n<h5><span style=\"font-weight: 400;\">2- <strong>Collective Canvas<\/strong>: The collective creation of a visual graphic work that represents what you as a group are learning and the connections you will make during the program.<\/span><\/h5>\n<h5><span style=\"font-weight: 400;\">3- <strong>Community art:<\/strong> participation in the final exhibition with the community artists. <\/span><\/h5>\n[\/vc_column_text][\/vc_column][vc_column width=&#8221;1\/2&#8243;][vc_column_text css=&#8221;&#8221;]\n<h3 style=\"text-align: center;\">Consult the complete program schedule <a href=\"https:\/\/movimientoafrolatino.org\/wp-content\/uploads\/2026\/02\/cronograma-programa-de-jovenes-2026-espanol-1.pdf\"><strong><span style=\"color: #339966;\">here<\/span><\/strong><\/a><\/h3>\n<hr>\n[\/vc_column_text][\/vc_column][\/vc_row][vc_row][vc_column][\/vc_column][\/vc_row][\/vc_section][vc_section][vc_row fullwidth=&#8221;yes&#8221; section_id=&#8221;artistas&#8221;][vc_column]<div class=\"shortcode-wrapper shortcode-title clearfix\"><h2 style=\"color:#8224E3!important;border-color:#8224E3\" class=\"\">Artistas gu\u00edas de la Cohorte 2026<\/h2><\/div>[vc_row_inner][vc_column_inner][vc_separator color=&#8221;turquoise&#8221; style=&#8221;double&#8221; css=&#8221;&#8221;][\/vc_column_inner][\/vc_row_inner][vc_row_inner][vc_column_inner][vc_column_text css=&#8221;&#8221;]\n<h4><span style=\"color: #000080;\"><strong>Rooting<\/strong><\/span><\/h4>\n[\/vc_column_text][\/vc_column_inner][\/vc_row_inner][\/vc_column][\/vc_row][vc_row][vc_column width=&#8221;1\/2&#8243;][vc_single_image image=&#8221;8977&#8243; img_size=&#8221;1920&#215;1200&#8243; css=&#8221;&#8221;][vc_column_text css=&#8221;&#8221;]\n<h4>Milvia Berenice Pacheco Salvatierra<\/h4>\n<p>I am an Afro-Latina artist born in Caracas-Venezuela, where I began my career as a dancer combining dance and theater training.<br \/>\n<a href=\"https:\/\/movimientoafrolatino.org\/en\/team\/milvia-pacheco-salvatierra\/\">More<\/a>[\/vc_column_text][\/vc_column][vc_column width=&#8221;1\/2&#8243;][vc_single_image image=&#8221;8975&#8243; img_size=&#8221;1920&#215;1200&#8243; css=&#8221;&#8221;][vc_column_text css=&#8221;&#8221;]\n<h4><span style=\"color: #000000;\">Rony Nu\u00f1ez<\/span><\/h4>\n<p>A proud Garifuna, born in Guatemala. I am the only boy out of six siblings. The first in my family to graduate from the University of Washington.  <\/p>\n<p><a href=\"https:\/\/movimientoafrolatino.org\/en\/team\/rony-nunez\/\">More<\/a>[\/vc_column_text][\/vc_column][\/vc_row][vc_row][vc_column][vc_separator color=&#8221;turquoise&#8221; style=&#8221;double&#8221; css=&#8221;&#8221;][vc_row_inner][vc_column_inner][vc_column_text css=&#8221;&#8221;]\n<h4><span style=\"color: #000080;\"><strong>Connect with the cultural and artistic traditions of the Black communities of Abya Yala<\/strong><\/span><\/h4>\n[\/vc_column_text][\/vc_column_inner][\/vc_row_inner][\/vc_column][\/vc_row][vc_row][vc_column width=&#8221;1\/2&#8243;][vc_single_image image=&#8221;8988&#8243; img_size=&#8221;1920&#215;1080&#8243; css=&#8221;&#8221;][\/vc_column][vc_column width=&#8221;1\/2&#8243;][vc_column_text css=&#8221;&#8221;]\n<h4>Juanita Eufemia Crisanto<\/h4>\n<p>Is a Garifuna Community organizer born and raised in Buenavista Palacio, a little town in the neighborhood of \u201cGracias a Dios\u201d in Honduras. Dances and enjoys Garifuna culture since birth[\/vc_column_text][\/vc_column][\/vc_row][vc_row][vc_column width=&#8221;1\/2&#8243;][vc_column_text css=&#8221;&#8221;]\n<h4>Otoqui Reyes Pizarro<\/h4>\n<p>He was born in Rio Piedras, Puerto Rico. He has over 30 years of experience in the Bomba genre, he is the director of the Hijos de Agueybana group, made up of eight artists committed to preserving their Afro-Caribbean roots.[\/vc_column_text][\/vc_column][vc_column width=&#8221;1\/2&#8243;][vc_single_image image=&#8221;7744&#8243; img_size=&#8221;1920&#215;1080&#8243; css=&#8221;&#8221;][\/vc_column][\/vc_row][vc_row][vc_column width=&#8221;1\/2&#8243;][vc_single_image image=&#8221;9420&#8243; img_size=&#8221;1920&#215;800&#8243; css=&#8221;&#8221;][\/vc_column][vc_column width=&#8221;1\/2&#8243;][vc_column_text css=&#8221;&#8221;]\n<h4>Silvio Dos Reis, or Mestre Silvinho<\/h4>\n<p>He has been practicing capoeira for 38 years and teaching for 30 years. He is originally from Brazil and moved to Seattle in 2004. Capoeira is his professional life, his joy, and his practice is essential to staying healthy and continuing to develop his connection to diverse communities.[\/vc_column_text][\/vc_column][\/vc_row][vc_row][vc_column][vc_separator color=&#8221;turquoise&#8221; style=&#8221;double&#8221; css=&#8221;&#8221;][\/vc_column][\/vc_row][vc_row][vc_column width=&#8221;1\/6&#8243;][\/vc_column][vc_column width=&#8221;2\/3&#8243;][vc_column_text css=&#8221;&#8221;]\n<p style=\"text-align: center;\">The team that has prepared this year&#8217;s program is formed by: Patricia Franco, Rony N\u00fa\u00f1ez, Sabrina Chac\u00f3n-Barajas, Aviona Rodr\u00edguez Brown and Milvia Pacheco, along with <a href=\"https:\/\/movimientoafrolatino.org\/en\/projects\/connecting-intro\/mas-espacio-para-jovenes-2025\/\">Joana Dos Santos, Lynn Soriano and Diana Col\u00f3n,<\/a> who participated in the program in the 2025 cohort; and, of course, artists Juanita Crisanto, Otoqui Reyes and Silvio Dos Reis.<\/p>\n<p style=\"text-align: center;\">Each year, new youths join the committee,<br \/>\n<strong>Would you like to join?<\/strong><br \/>\nContact the facilitators.<\/p>\n[\/vc_column_text][\/vc_column][vc_column width=&#8221;1\/6&#8243;][\/vc_column][\/vc_row][\/vc_section][vc_section][vc_row section_id=&#8221;recursos&#8221;][vc_column][vc_column_text css=&#8221;&#8221;]\n<h4><span style=\"color: #000080;\">Program resources<\/span><\/h4>\n[\/vc_column_text][vc_separator color=&#8221;turquoise&#8221; style=&#8221;double&#8221; css=&#8221;&#8221;][\/vc_column][\/vc_row][vc_row][vc_column width=&#8221;1\/3&#8243;]<div class=\"shortcode-wrapper shortcode-callout clearfix\"><div class=\"hb-callout-box\"><h3 class=\"\"><span style=\"font-weight: 400;\">General Glossary<\/span><\/p>\n<h5><em>Book<\/em><\/h5>\n<\/h3><a href=\"https:\/\/movimientoafrolatino.org\/wp-content\/uploads\/2023\/01\/GLOSARIO-conectandonos-mas-2023.pdf\" class=\"hb-button\" target=\"_blank\"><i class=\"icon-file-text\"><\/i><\/a><\/div><\/div>[\/vc_column][vc_column width=&#8221;1\/3&#8243;]<div class=\"shortcode-wrapper shortcode-callout clearfix\"><div class=\"hb-callout-box\"><h3 class=\"\"><span style=\"font-weight: 400;\">General Glossary<\/span><\/p>\n<h5><em>Memory game Print &amp; Play<\/em><\/h5>\n<\/h3><a href=\"https:\/\/movimientoafrolatino.org\/wp-content\/uploads\/2025\/03\/memoria-CM-2025-ingles.pdf\" class=\"hb-button\" target=\"_blank\"><i class=\"icon-file-text\"><\/i><\/a><\/div><\/div>[\/vc_column][vc_column width=&#8221;1\/3&#8243;]<div class=\"shortcode-wrapper shortcode-callout clearfix\"><div class=\"hb-callout-box\"><h3 class=\"\"><span style=\"font-weight: 400;\">Freedom, Enslavement, and Resistance<\/span><\/p>\n<h5><em>Presentation<\/em><\/h5>\n<\/h3><a href=\"https:\/\/docs.google.com\/presentation\/d\/1J84QJAXrVs5GfjZ9efOWX5d4hIquni1l\/edit?usp=sharing&amp;ouid=116809002228510702886&amp;rtpof=true&amp;sd=true\" class=\"hb-button\" target=\"_blank\"><i class=\"icon-file-text\"><\/i><\/a><\/div><\/div>[\/vc_column][\/vc_row][vc_row][vc_column width=&#8221;1\/3&#8243;]<div class=\"shortcode-wrapper shortcode-callout clearfix\"><div class=\"hb-callout-box\"><h3 class=\"\"><span style=\"font-weight: 400;\">Family stories\/history<\/span><\/p>\n<h5><em>Homework<\/em><\/h5>\n<\/h3><a href=\"https:\/\/docs.google.com\/document\/d\/15V_4ihGcUzueErchQOdX2IxqQ2Tm79tAcsRKcCqDzL4\/edit?usp=sharing\" class=\"hb-button\" target=\"_blank\"><i class=\"icon-file-text\"><\/i><\/a><\/div><\/div>[\/vc_column][vc_column width=&#8221;1\/3&#8243;]<div class=\"shortcode-wrapper shortcode-callout clearfix\"><div class=\"hb-callout-box\"><h3 class=\"\"><span style=\"font-weight: 400;\">Rooting #01<\/span><\/p>\n<h5><em>Presentation<\/em><\/h5>\n<\/h3><a href=\"https:\/\/docs.google.com\/presentation\/d\/1zMe7ajxwH-7x1fA5R8cIHsJFMHZMoOvOSO6BO3CNkBs\/edit?usp=sharing\" class=\"hb-button\" target=\"_blank\"><i class=\"icon-file-text\"><\/i><\/a><\/div><\/div>[\/vc_column][vc_column width=&#8221;1\/3&#8243;]<div class=\"shortcode-wrapper shortcode-callout clearfix\"><div class=\"hb-callout-box\"><h3 class=\"\"><span style=\"font-weight: 400;\">Know your rights<\/span><\/p>\n<h5><em>PDF<\/em><\/h5>\n<\/h3><a href=\"https:\/\/movimientoafrolatino.org\/wp-content\/uploads\/2026\/03\/Know-your-rightsConoce-tus-Derechos.pdf\" class=\"hb-button\" target=\"_blank\"><i class=\"icon-file-text\"><\/i><\/a><\/div><\/div>[\/vc_column][\/vc_row][vc_row][vc_column width=&#8221;1\/3&#8243;]<div class=\"shortcode-wrapper shortcode-callout clearfix\"><div class=\"hb-callout-box\"><h3 class=\"\"><span style=\"font-weight: 400;\">Visual references of collective art and murals<\/span><\/p>\n<h5><em>PDF<\/em><\/h5>\n<\/h3><a href=\"https:\/\/movimientoafrolatino.org\/wp-content\/uploads\/2026\/04\/Referencias-visuales.pdf\" class=\"hb-button\" target=\"_blank\"><i class=\"icon-file-text\"><\/i><\/a><\/div><\/div>[\/vc_column][vc_column width=&#8221;1\/3&#8243;]<div class=\"shortcode-wrapper shortcode-callout clearfix\"><div class=\"hb-callout-box\"><h3 class=\"\"><span style=\"font-weight: 400;\">Capoeira Song<\/span><\/p>\n<h5><em>PDF<\/em><\/h5>\n<\/h3><a href=\"https:\/\/movimientoafrolatino.org\/wp-content\/uploads\/2026\/04\/Cancion-Capoeira.pdf\" class=\"hb-button\" target=\"_blank\"><i class=\"icon-file-text\"><\/i><\/a><\/div><\/div>[\/vc_column][vc_column width=&#8221;1\/3&#8243;]<div class=\"shortcode-wrapper shortcode-callout clearfix\"><div class=\"hb-callout-box\"><h3 class=\"\">Rooting #2<\/p>\n<h5><em>Presentation<\/em><\/h5>\n<\/h3><a href=\"https:\/\/docs.google.com\/presentation\/d\/1rUE6PIkf3GcfmzSdPgzmhDeuslLIruWzWDI8MtTLHk8\/edit?usp=drive_link\" class=\"hb-button\" target=\"_blank\"><i class=\"icon-file-text\"><\/i><\/a><\/div><\/div>[\/vc_column][\/vc_row][vc_row][vc_column width=&#8221;1\/3&#8243;]<div class=\"shortcode-wrapper shortcode-callout clearfix\"><div class=\"hb-callout-box\"><h3 class=\"\"><span style=\"font-weight: 400;\">Collective work in committees<\/span><\/p>\n<h5><em>Presentation<\/em><\/h5>\n<\/h3><a href=\"https:\/\/docs.google.com\/presentation\/d\/1b9YxVI_o9wBiUHKjKhf9B0N86XJgG78TIJKSyE1KQ_I\/edit?usp=drive_link\" class=\"hb-button\" target=\"_blank\"><i class=\"icon-file-text\"><\/i><\/a><\/div><\/div>[\/vc_column][vc_column width=&#8221;1\/3&#8243;]<div class=\"shortcode-wrapper shortcode-callout clearfix\"><div class=\"hb-callout-box\"><h3 class=\"\"><span style=\"font-weight: 400;\">Garifuna Song<\/span><\/p>\n<h5><em>PDF<\/em><\/h5>\n<\/h3><a href=\"https:\/\/movimientoafrolatino.org\/wp-content\/uploads\/2026\/04\/garifuna-song.pdf\" class=\"hb-button\" target=\"_blank\"><i class=\"icon-file-text\"><\/i><\/a><\/div><\/div>[\/vc_column][vc_column width=&#8221;1\/3&#8243;]<div class=\"shortcode-wrapper shortcode-callout clearfix\"><div class=\"hb-callout-box\"><h3 class=\"\">Introduction to Capoeira<\/p>\n<h5><em>PDF<\/em><\/h5>\n<\/h3><a href=\"https:\/\/movimientoafrolatino.org\/wp-content\/uploads\/2026\/04\/Material-informativo-Mestre-Silvio_2026-1.pdf\" class=\"hb-button\" target=\"_blank\"><i class=\"icon-file-text\"><\/i><\/a><\/div><\/div>[\/vc_column][\/vc_row][vc_row][vc_column][vc_separator color=&#8221;turquoise&#8221; style=&#8221;double&#8221; css=&#8221;&#8221;][\/vc_column][\/vc_row][\/vc_section][vc_section][vc_row section_id=&#8221;comites&#8221;][vc_column]<div class=\"shortcode-wrapper shortcode-title clearfix\"><h2 style=\"color:#8224E3!important;border-color:#8224E3\" class=\"\">Comit\u00e9s<\/h2><\/div>[vc_empty_space height=&#8221;15px&#8221;][vc_column_text css=&#8221;&#8221;]<span style=\"font-weight: 400;\">All program activities are organized around 4 working committees. These working teams will be the anchor and support for everyone during these fourteen weeks. Each committee has specific tasks that will help us to become MORE connected as a community and develop leadership skills.   Each committee has a leader who has previously participated in the program; they will help develop all committee tasks. <\/span><\/p>\n<p><strong>Committees:<br \/>\n1. Feeding, 2. Care for the space, 3. Logistical Assistance for Projects, 4. Logbook and Diary   <\/strong>[\/vc_column_text][\/vc_column][\/vc_row][vc_row][vc_column width=&#8221;1\/2&#8243;][vc_column_text css=&#8221;&#8221;]<strong>Feeding<\/strong>: This committee will be in charge of coordinating the food, snacks, and drinks that we will enjoy throughout the program, as well as the food served during the celebration.<\/p>\n<h6>Diana Col\u00f3n will join you in this committee<\/h6>\n[\/vc_column_text][vc_single_image image=&#8221;8939&#8243; img_size=&#8221;Medium&#8221; alignment=&#8221;center&#8221; css=&#8221;&#8221;][\/vc_column][vc_column width=&#8221;1\/2&#8243;][vc_column_text css=&#8221;&#8221;]<strong>Care for the space<\/strong>: Manage the physical space in which meetings take place, receiving and leaving the space and equipment we used in the best possible conditions.<\/p>\n<h6>Ashly Rodriguez will join you on this committee<\/h6>\n[\/vc_column_text][vc_single_image image=&#8221;8929&#8243; img_size=&#8221;Medium&#8221; alignment=&#8221;center&#8221; css=&#8221;&#8221;][\/vc_column][\/vc_row][vc_row][vc_column width=&#8221;1\/2&#8243;][vc_column_text css=&#8221;&#8221;]<strong>Logistical Assistance for Projects<\/strong>: Track deliverable schedules and assist in the logistics of the final presentation.<\/p>\n<h6>Lisa Guity will join you on this committee<\/h6>\n[\/vc_column_text][vc_single_image image=&#8221;8949&#8243; img_size=&#8221;Medium&#8221; alignment=&#8221;center&#8221; css=&#8221;&#8221;][\/vc_column][vc_column width=&#8221;1\/2&#8243;][vc_column_text css=&#8221;&#8221;]Logbook and Diary: Create content about the program to publish on social networks, based on photographic records, audios, drawings, or any other material produced in the meetings<\/p>\n<h6>Lynn Soriano will join you on this committee<\/h6>\n[\/vc_column_text][vc_single_image image=&#8221;8951&#8243; img_size=&#8221;Medium&#8221; alignment=&#8221;center&#8221; css=&#8221;&#8221;][\/vc_column][\/vc_row][\/vc_section]\n<\/div>","protected":false},"excerpt":{"rendered":"<p>[vc_row][vc_column][vc_column_text css=&#8221;&#8221;] Welcome to the youth program Conect\u00e1ndonos M\u00e1s. In this section you will find all the information you need to know about the 2026 program. We are excited to accompany you on this journey of self-discovery and reconnection with our history through the arts. See the 2026 program schedule Here What we will do [&hellip;]<\/p>\n","protected":false},"author":10,"featured_media":9397,"parent":3604,"menu_order":0,"comment_status":"closed","ping_status":"closed","template":"","meta":{"nf_dc_page":"","footnotes":""},"class_list":["post-9435","page","type-page","status-publish","has-post-thumbnail","hentry"],"_links":{"self":[{"href":"https:\/\/movimientoafrolatino.org\/en\/wp-json\/wp\/v2\/pages\/9435","targetHints":{"allow":["GET"]}}],"collection":[{"href":"https:\/\/movimientoafrolatino.org\/en\/wp-json\/wp\/v2\/pages"}],"about":[{"href":"https:\/\/movimientoafrolatino.org\/en\/wp-json\/wp\/v2\/types\/page"}],"author":[{"embeddable":true,"href":"https:\/\/movimientoafrolatino.org\/en\/wp-json\/wp\/v2\/users\/10"}],"replies":[{"embeddable":true,"href":"https:\/\/movimientoafrolatino.org\/en\/wp-json\/wp\/v2\/comments?post=9435"}],"version-history":[{"count":6,"href":"https:\/\/movimientoafrolatino.org\/en\/wp-json\/wp\/v2\/pages\/9435\/revisions"}],"predecessor-version":[{"id":9638,"href":"https:\/\/movimientoafrolatino.org\/en\/wp-json\/wp\/v2\/pages\/9435\/revisions\/9638"}],"up":[{"embeddable":true,"href":"https:\/\/movimientoafrolatino.org\/en\/wp-json\/wp\/v2\/pages\/3604"}],"wp:featuredmedia":[{"embeddable":true,"href":"https:\/\/movimientoafrolatino.org\/en\/wp-json\/wp\/v2\/media\/9397"}],"wp:attachment":[{"href":"https:\/\/movimientoafrolatino.org\/en\/wp-json\/wp\/v2\/media?parent=9435"}],"curies":[{"name":"wp","href":"https:\/\/api.w.org\/{rel}","templated":true}]}}