{"id":6510,"date":"2023-09-07T07:47:06","date_gmt":"2023-09-07T14:47:06","guid":{"rendered":"https:\/\/movimientoafrolatino.org\/?page_id=6510"},"modified":"2025-02-21T12:02:31","modified_gmt":"2025-02-21T20:02:31","slug":"connecting-with-juanita","status":"publish","type":"page","link":"https:\/\/movimientoafrolatino.org\/en\/connecting-with-juanita\/","title":{"rendered":"Connecting with Juanita"},"content":{"rendered":"<div class=\"wpb-content-wrapper\">[vc_section][vc_row][vc_column width=&#8221;5\/6&#8243;][vc_video link=&#8221;https:\/\/youtu.be\/VrXe9Emrp2g?si=2rPhZEDQ7y7P9S4G&#8221;][vc_column_text]<span style=\"font-weight: 400;\"><strong>We met Juanita,<\/strong> a Gar\u00edfuna teacher who accompanied us during the journey of Conect\u00e1ndonos M\u00e1s. She was one of us, a partner, and above all, an inspiration to us when we see her efforts to connect the new generations with their heritage, so they don&#8217;t lose their language, history, and traditions. In this video, we share with the world a brief take on the history of the Garifuna people Juanita told us when we connected with her.  <\/span><\/p>\n<p style=\"text-align: right;\"><em style=\"text-align: right;\">By Rosman Sanchez, Karina Calder\u00f3n, Nimany Chavez,<br \/>\n<\/em><em style=\"text-align: right;\">Isatou Sellah, y Aissata Waggeh.<\/em><\/p>\n[\/vc_column_text][\/vc_column][vc_column width=&#8221;1\/6&#8243;][\/vc_column][\/vc_row][\/vc_section][vc_row css=&#8221;.vc_custom_1710601204858{background-color: #f2f2f2 !important;}&#8221;][vc_column width=&#8221;1\/4&#8243;][vc_column_text]\n<h5 style=\"text-align: center;\">Connecting with Alfredo Ch\u00e1vez<\/h5>\n<p style=\"text-align: center;\"><span style=\"color: #339966;\"><a style=\"color: #339966;\" href=\"https:\/\/movimientoafrolatino.org\/conectandonos-con-alfredo-chavez\/\"><strong>READ<\/strong><\/a><\/span><\/p>\n[\/vc_column_text][\/vc_column][vc_column width=&#8221;1\/4&#8243;][vc_column_text]\n<h5 style=\"text-align: center;\">Connecting with Alair Macedo y Milani Silve<\/h5>\n<p style=\"text-align: center;\"><strong><span style=\"color: #339966;\"><a style=\"color: #339966;\" href=\"https:\/\/movimientoafrolatino.org\/conectandonos-con-alair-macedo-y-milani-silve\/\">READ<\/a><\/span><\/strong><\/p>\n[\/vc_column_text][\/vc_column][vc_column width=&#8221;1\/4&#8243;][vc_column_text]\n<h5 style=\"text-align: center;\">Connecting with Eduardo Mendonca<\/h5>\n<p style=\"text-align: center;\"><strong><span style=\"color: #339966;\"><a style=\"color: #339966;\" href=\"https:\/\/movimientoafrolatino.org\/conectando-con-eduardo\/\">READ<\/a><\/span><\/strong><\/p>\n[\/vc_column_text][\/vc_column][vc_column width=&#8221;1\/4&#8243;][vc_column_text]\n<p style=\"text-align: center;\">2021 COHORT <span style=\"color: #ff6600;\"><a style=\"color: #ff6600;\" href=\"https:\/\/movimientoafrolatino.org\/programas\/conectandonos-mas\/\"><strong>M\u00c1S<\/strong><\/a><\/span><\/p>\n<hr>\n<p style=\"text-align: center;\">2023 COHORT <strong><a href=\"https:\/\/movimientoafrolatino.org\/programas\/conectandonos-intro\/cohorte-2023\/\"><span style=\"color: #339966;\">M\u00c1S<\/span><\/a><\/strong><\/p>\n[\/vc_column_text][\/vc_column][\/vc_row]\n<\/div>","protected":false},"excerpt":{"rendered":"<p>[vc_section][vc_row][vc_column width=&#8221;5\/6&#8243;][vc_video link=&#8221;https:\/\/youtu.be\/VrXe9Emrp2g?si=2rPhZEDQ7y7P9S4G&#8221;][vc_column_text]We met Juanita, a Gar\u00edfuna teacher who accompanied us during the journey of Conect\u00e1ndonos M\u00e1s. She was one of us, a partner, and above all, an inspiration to us when we see her efforts to connect the new generations with their heritage, so they don&#8217;t lose their language, history, and traditions. In this [&hellip;]<\/p>\n","protected":false},"author":13,"featured_media":0,"parent":0,"menu_order":0,"comment_status":"closed","ping_status":"closed","template":"","meta":{"nf_dc_page":"","footnotes":""},"class_list":["post-6510","page","type-page","status-publish","hentry"],"_links":{"self":[{"href":"https:\/\/movimientoafrolatino.org\/en\/wp-json\/wp\/v2\/pages\/6510","targetHints":{"allow":["GET"]}}],"collection":[{"href":"https:\/\/movimientoafrolatino.org\/en\/wp-json\/wp\/v2\/pages"}],"about":[{"href":"https:\/\/movimientoafrolatino.org\/en\/wp-json\/wp\/v2\/types\/page"}],"author":[{"embeddable":true,"href":"https:\/\/movimientoafrolatino.org\/en\/wp-json\/wp\/v2\/users\/13"}],"replies":[{"embeddable":true,"href":"https:\/\/movimientoafrolatino.org\/en\/wp-json\/wp\/v2\/comments?post=6510"}],"version-history":[{"count":4,"href":"https:\/\/movimientoafrolatino.org\/en\/wp-json\/wp\/v2\/pages\/6510\/revisions"}],"predecessor-version":[{"id":7431,"href":"https:\/\/movimientoafrolatino.org\/en\/wp-json\/wp\/v2\/pages\/6510\/revisions\/7431"}],"wp:attachment":[{"href":"https:\/\/movimientoafrolatino.org\/en\/wp-json\/wp\/v2\/media?parent=6510"}],"curies":[{"name":"wp","href":"https:\/\/api.w.org\/{rel}","templated":true}]}}