{"id":3656,"date":"2021-12-15T06:05:15","date_gmt":"2021-12-15T14:05:15","guid":{"rendered":"https:\/\/movimientoafrolatino.org\/by-carmela\/"},"modified":"2022-02-23T15:10:52","modified_gmt":"2022-02-23T23:10:52","slug":"by-carmela","status":"publish","type":"page","link":"https:\/\/movimientoafrolatino.org\/en\/projects\/connecting-more\/by-carmela\/","title":{"rendered":"By Carmela"},"content":{"rendered":"<div class=\"wpb-content-wrapper\">[vc_row][vc_column][vc_single_image image=&#8221;3425&#8243; img_size=&#8221;full&#8221; onclick=&#8221;custom_link&#8221; link=&#8221;https:\/\/movimientoafrolatino.org\/en\/projects\/connecting-more\/&#8221;][\/vc_column][\/vc_row][vc_row][vc_column width=&#8221;2\/3&#8243;][vc_column_text]<b>Art project:<\/b><\/p>\n<p>As an art project Carmela decided to cook a recipe that he learned from Otoqui Reyes, the Afro Puerto Rican artist whom he interviewed. He cooked Pollo Fricassee, a combo of rice and beans, and Puerto Rican cabbage salad. And he also made Alfajores, a dessert that he likes to make and connects him with flavors of Peru.<\/p>\n<p><a href=\"https:\/\/www.recetas-puertorico.com\/recetas\/plato-principal\/pollo-fricase\"><span style=\"font-weight: 400;\">Pollo Fricase<\/span><\/a><\/p>\n<p><a href=\"https:\/\/www.youtube.com\/watch?v=cTu1_tHMkbY\"><span style=\"font-weight: 400;\">Arroz con habichuelas<\/span><\/a><\/p>\n<p><a href=\"https:\/\/www.youtube.com\/watch?v=SzHMb4Ze794\"><span style=\"font-weight: 400;\">Ensalada de repollo<\/span><\/a><\/p>\n<p><a href=\"https:\/\/es.cravingsjournal.com\/alfajores-de-maicena-peruanos\/\"><span style=\"font-weight: 400;\">Alfajores de maicena Peruanos<\/span><\/a><\/p>\n<p>&nbsp;<\/p>\n\n\t\t<style type=\"text\/css\">\n\t\t\t#gallery-1 {\n\t\t\t\tmargin: auto;\n\t\t\t}\n\t\t\t#gallery-1 .gallery-item {\n\t\t\t\tfloat: left;\n\t\t\t\tmargin-top: 10px;\n\t\t\t\ttext-align: center;\n\t\t\t\twidth: 33%;\n\t\t\t}\n\t\t\t#gallery-1 img {\n\t\t\t\tborder: 2px solid #cfcfcf;\n\t\t\t}\n\t\t\t#gallery-1 .gallery-caption {\n\t\t\t\tmargin-left: 0;\n\t\t\t}\n\t\t\t\/* see gallery_shortcode() in wp-includes\/media.php *\/\n\t\t<\/style>\n\t\t<div id='gallery-1' class='gallery galleryid-3656 gallery-columns-3 gallery-size-medium'><dl class='gallery-item'>\n\t\t\t<dt class='gallery-icon landscape'>\n\t\t\t\t<a href='https:\/\/movimientoafrolatino.org\/en\/cocinando-medium-2\/'><img loading=\"lazy\" decoding=\"async\" width=\"300\" height=\"169\" src=\"https:\/\/movimientoafrolatino.org\/wp-content\/uploads\/2021\/12\/cocinando-Medium-300x169.jpg\" class=\"attachment-medium size-medium\" alt=\"\" srcset=\"https:\/\/movimientoafrolatino.org\/wp-content\/uploads\/2021\/12\/cocinando-Medium-300x169.jpg 300w, https:\/\/movimientoafrolatino.org\/wp-content\/uploads\/2021\/12\/cocinando-Medium-1024x576.jpg 1024w, https:\/\/movimientoafrolatino.org\/wp-content\/uploads\/2021\/12\/cocinando-Medium-768x432.jpg 768w, https:\/\/movimientoafrolatino.org\/wp-content\/uploads\/2021\/12\/cocinando-Medium-1536x864.jpg 1536w, https:\/\/movimientoafrolatino.org\/wp-content\/uploads\/2021\/12\/cocinando-Medium.jpg 1992w\" sizes=\"auto, (max-width: 300px) 100vw, 300px\" \/><\/a>\n\t\t\t<\/dt><\/dl><dl class='gallery-item'>\n\t\t\t<dt class='gallery-icon portrait'>\n\t\t\t\t<a href='https:\/\/movimientoafrolatino.org\/en\/fricasee-2\/'><img loading=\"lazy\" decoding=\"async\" width=\"225\" height=\"300\" src=\"https:\/\/movimientoafrolatino.org\/wp-content\/uploads\/2021\/12\/fricasee-225x300.jpg\" class=\"attachment-medium size-medium\" alt=\"\" srcset=\"https:\/\/movimientoafrolatino.org\/wp-content\/uploads\/2021\/12\/fricasee-225x300.jpg 225w, https:\/\/movimientoafrolatino.org\/wp-content\/uploads\/2021\/12\/fricasee.jpg 768w\" sizes=\"auto, (max-width: 225px) 100vw, 225px\" \/><\/a>\n\t\t\t<\/dt><\/dl><dl class='gallery-item'>\n\t\t\t<dt class='gallery-icon landscape'>\n\t\t\t\t<a href='https:\/\/movimientoafrolatino.org\/en\/con-comida-2\/'><img loading=\"lazy\" decoding=\"async\" width=\"300\" height=\"225\" src=\"https:\/\/movimientoafrolatino.org\/wp-content\/uploads\/2021\/12\/con-comida-300x225.jpg\" class=\"attachment-medium size-medium\" alt=\"\" srcset=\"https:\/\/movimientoafrolatino.org\/wp-content\/uploads\/2021\/12\/con-comida-300x225.jpg 300w, https:\/\/movimientoafrolatino.org\/wp-content\/uploads\/2021\/12\/con-comida-768x576.jpg 768w, https:\/\/movimientoafrolatino.org\/wp-content\/uploads\/2021\/12\/con-comida.jpg 1024w\" sizes=\"auto, (max-width: 300px) 100vw, 300px\" \/><\/a>\n\t\t\t<\/dt><\/dl><br style=\"clear: both\" \/><dl class='gallery-item'>\n\t\t\t<dt class='gallery-icon landscape'>\n\t\t\t\t<a href='https:\/\/movimientoafrolatino.org\/en\/cocinandmed-2\/'><img loading=\"lazy\" decoding=\"async\" width=\"300\" height=\"169\" src=\"https:\/\/movimientoafrolatino.org\/wp-content\/uploads\/2021\/12\/cocinandMED-300x169.jpg\" class=\"attachment-medium size-medium\" alt=\"\" srcset=\"https:\/\/movimientoafrolatino.org\/wp-content\/uploads\/2021\/12\/cocinandMED-300x169.jpg 300w, https:\/\/movimientoafrolatino.org\/wp-content\/uploads\/2021\/12\/cocinandMED-1024x576.jpg 1024w, https:\/\/movimientoafrolatino.org\/wp-content\/uploads\/2021\/12\/cocinandMED-768x432.jpg 768w, https:\/\/movimientoafrolatino.org\/wp-content\/uploads\/2021\/12\/cocinandMED-1536x864.jpg 1536w, https:\/\/movimientoafrolatino.org\/wp-content\/uploads\/2021\/12\/cocinandMED.jpg 1992w\" sizes=\"auto, (max-width: 300px) 100vw, 300px\" \/><\/a>\n\t\t\t<\/dt><\/dl><dl class='gallery-item'>\n\t\t\t<dt class='gallery-icon '>\n\t\t\t\t<a href='https:\/\/movimientoafrolatino.org\/en\/comiendo-2\/'><img loading=\"lazy\" decoding=\"async\" width=\"1\" height=\"1\" src=\"https:\/\/movimientoafrolatino.org\/wp-content\/uploads\/2021\/12\/comiendo.jpg\" class=\"attachment-medium size-medium\" alt=\"\" \/><\/a>\n\t\t\t<\/dt><\/dl>\n\t\t\t<br style='clear: both' \/>\n\t\t<\/div>\n\n[\/vc_column_text][vc_text_separator title=&#8221;Interview&#8221; color=&#8221;orange&#8221;][vc_column_text]\n<p style=\"padding-left: 40px;\"><b>Question:<\/b><\/p>\n<p style=\"padding-left: 40px;\">What is your background?<\/p>\n<p><b><span style=\"color: #ff6600;\">Answer<\/span>:<\/b><\/p>\n<p>I was born in a house of musicians: my aunt played the saxophone and my father and all of my brothers are percussionists so I grew up in a family with a lot of parties all the time. During my birthday my father used to come with the Bomba* group to celebrate everything and my mother and my grandmother hosted a lot of parties to celebrate anything. So yeah, music and parties were kind of my life. When my father left the group \u201cFamilia Cepeda\u201d he created his own so I grew up with a lot of people who were part of Bomba groups. So I was around when everybody was rehearsing Bomba and that is my background: the rehearsals, I grew up with that.<\/p>\n<p>My mom was a dancer from another bomba family so my father would go to her rehearsals and she would go to his rehearsals so you know bomba was all around. Suddenly, when I turned 13 or 14 I was like \u201cI don\u2019t wanna hear bomba no more\u201d. So I started to breakdance and to hear more hip hop like N.W.A. and some others. I started to listen to all those types of music and to get involved in hip hop rapping with my cousin at birthdays and parties and breakdancing in groups so I spent like 3 or 4 years away from bomba.<\/p>\n<p>My father started to find out more about bomba and tried to show me about it but I was not wanting to know about bomba until, suddenly, in one of my schools they knew about the fact that my father had a group and they invited him and his group to the school to play and I was like \u201cno way! this is not happening!\u201d. Everyone at the school said \u201coh you gotta dance and dadadadadada\u201d, so I danced with my father\u2019s group and everyone was like \u201cwow! What\u2019s that?\u201d, and I answered, \u201cthat is our music! \u201d It\u2019s bomba!\u201d. And they said \u201cthat is not our music\u201d. And I replied \u201cyes it is!\u201d. I was surprised because people don\u2019t know about this and I thought I should learn more about it to teach them. And that is when I made the connection. This is not a kind of music, this is OUR music.<\/p>\n<p>I started to learn more facts about bomba with my father, for example that Puerto Rico has a lot of different styles of bomba: we have bomba from Santurce, from Lo\u00edza, from Ponce, the south of Puerto Rico, from Mayag\u00fcez, and all of them are different and have different influences. Mayag\u00fcez has influence from France because of the French port so many of the songs are in French. Lo\u00edza is a maroon town so they don\u2019t have so much influence from the spaniards so their bomba only has two rhythms and sounds very African. Everything about it is pretty African, from the songs to the dance style. Santurce has Spanish influence so everything about it, like the dancing, has the Spanish touch. Ponce has a giant drum, literally barrels of rum, so big that you have to mount it to play it so the sound is very strong and only the women sing and the men play drums and dance . The women have to follow the man but the women do very little movement while the man does the dancing. This is kind of a roulette. So people take turns while the women sing and it\u2019s very beautiful.<\/p>\n<p>I started studying and learning about that sort of stuff and I was amazed. There is a lot about bomba. It\u2019s not just what I learned while being raised, there are many more styles and I joined a group from the South of Puerto Rico called \u201cParacumb\u00e9\u201d. They have two or three recordings and they sing beautifully, you should listen to them. I started learning the different styles of drumming and dancing and finally I made my own group and I kept playing and teaching and it became a big part of my life. I grew up with bomba.<\/p>\n<p>My father also had a reggae band and we made a CD with them mixing bomba with reggae. I began to listen and learn more about the kind of hip hop in Jamaica, called ragamuffin, and started doing that style in my father\u2019s reggae band.<\/p>\n<p>A lot of stuff I went through. When I started learning these afro roots in my culture, I learned more about afro descendents, like Peruvian music (I have two cajones), or capoeira and samba. All of this music is part of my life.<\/p>\n<p>&nbsp;<\/p>\n<p style=\"padding-left: 40px;\"><b>Q:<\/b> Wow you have a very great background in music.<\/p>\n<p><span style=\"color: #ff6600;\"><b>A: <\/b><\/span><span style=\"font-weight: 400;\">Yes I love it. I keep learning.<\/span><\/p>\n<p>&nbsp;<\/p>\n<p style=\"padding-left: 40px;\"><b>Q: <\/b><span style=\"font-weight: 400;\">You told me in the past that you worked at <a href=\"https:\/\/laescuelitaschools.com\/\">La Escuelita<\/a>. Have you learned anything from your students there? <\/span><\/p>\n<p><b><span style=\"color: #ff6600;\">A:<\/span> <\/b><span style=\"font-weight: 400;\">After a year working in Puerto Rico, the system kept changing and making poor people more poor while the rich get richer and they controlled all the factories and closed a lot of them because of politics, and if you don\u2019t follow the politics you get kicked out( fired). My friends got into that unemployment a lot and I got into it a little bit. I worked at the airport putting the luggage in the belly of the plane, breathing the fumes of the airplane, and I have asthma so it wasn\u2019t safe for me. I didn\u2019t stay because they wouldn\u2019t let me work with my asthma, I could pass out because of the fumes. They got mad at me and said \u201cyou didn\u2019t tell us you had asthma! You can\u2019t work here!\u201d and I tried to explain that I could not tell them because I needed the work but I ended up searching for jobs for a year. I got the blessing that every year I managed to come to Seattle to the sea fair and festival to make lots of workshops so in one of them I made a connection with Marisol from La Escuelita and another person from <a href=\"https:\/\/seattleamistadschool.org\/?lang=es\">Bellevue Puesta del Sol<\/a><\/span><\/p>\n<p>(another bilingual school). So I left everything and moved with my wife from puerto rico and we have lived in seattle for 8 years working as a teacher and an artist at la escuelita and now we are in charge of the curriculum at la escuelita working at the office.<\/p>\n<p>I teach the kids how their bodies sound. While playing drums the kids bounce around and it\u2019s kind of a game in which they are expressing the happiness that the drums give. Some are scared and eventually they get more comfortable and like to touch and hit the drums, smiling and getting very excited. I do this in both schools. I also met Farin who works at\u00a0<a href=\"https:\/\/seattleamistadschool.org\/?lang=es\">Seattle Amistad School<\/a> and I started to do the same work at her school. In the Bellevue school I make choreographies with the kids and I put all of them to play \u201cThe Cua and the Maracas\u201d and I just sing. We have an international festival and the kids present their music and it\u2019s very cool.<\/p>\n<p>&nbsp;<\/p>\n<p style=\"padding-left: 40px;\"><b>Q:<\/b> <span style=\"font-weight: 400;\">You said that usually women are supposed to sing and men are playing and dancing so when you teach your kids do you have them in those specific roles or does everyone just get to play every part?<br \/>\n<\/span><\/p>\n<p><span style=\"color: #ff6600;\"><b>A: <\/b><\/span><span style=\"font-weight: 400;\">Now, because the kids are interested, I teach them everything but I ask them what they want to learn and I teach them that. If they wanna learn drums then I teach them drums and if they wanna learn something else I teach them something else. In Bellevue I had one day dedicated to percussion and another day to choreography. One day we just mixed music with art and some kids played drums and we told them to take what they hear and express it with colors, so the kids started playing and created some paintings where some imagined a beach, some a forest, or a farm and yeah it was beautiful.<\/span>[\/vc_column_text][vc_single_image image=&#8221;3388&#8243; img_size=&#8221;full&#8221;][vc_column_text]\n<p style=\"padding-left: 40px;\"><b>Q:<\/b> <span style=\"font-weight: 400;\">What do you hope the kids that you are teaching will do in the future with what you have taught them?<\/span><\/p>\n<p><b><span style=\"color: #ff6600;\">A:<\/span> <\/b><span style=\"font-weight: 400;\">Yeah, I learned that when I\u2019m teaching bomba I am opening a window to each person to search who they are, and that\u2019s what I love. In one of my classes in La escuelita I made a carnival dedicated to all families culture and two students learned that their culture has drums from India and they started asking their parents who they were, what their culture was and these were just kids in pre k (only 4-5 years old) and their parents started explaining their culture and traditions. Kids had to talk about the theme of the month (\u201cwho am I?\u201d) so they needed to research about their culture and find their story from the elders, find their culture from the families. Their parents were amazed. For example, a kid wanted to dress like an Indian woman so I brought an Indian dress and she was so happy. Another child knew that the grandma from her dad\u2019s side was related to India too so she had an Indian family line and both were dressed like Indian women and singing songs in their language. That is what I wanted: kids learning more about who they are and making research. I never wanted other kids to just know my culture, I also want them to know about their own and to connect with their people so they can get to know themselves better. I connect kids within the same culture to create one big family.<br \/>\n<\/span><\/p>\n<p>&nbsp;<\/p>\n<p style=\"padding-left: 40px;\"><b>Q:<\/b> <span style=\"font-weight: 400;\">I\u00a0wish I had you as my teacher while I was at La Escuelita, that would have been so much fun! <\/span><\/p>\n<p><span style=\"color: #ff6600;\"><b>A: <\/b><\/span><span style=\"font-weight: 400;\">Yes I love the kids and they love me. I always have fun with them. We watch videos, play music, do choreographies and more.<\/span><\/p>\n<p>&nbsp;<\/p>\n<p style=\"padding-left: 40px;\"><b>Q: <\/b><span style=\"font-weight: 400;\">Cool. Speaking of elders and grandparents, do you know what your family background is? Like your grandfather and great grandparents.<br \/>\n<\/span><\/p>\n<p><span style=\"color: #ff6600;\"><b>A:<\/b><\/span>\u00a0My father was a photographer and I kinda say that I am a photographer but I didn\u2019t study it as a profession although I have loved photography since I was a kid and I have a collection of vintage cameras in my house.<\/p>\n<p>I love cameras. I love the beauty of the machine. My grandfather was also a photographer. He loved bicycles too. He used to travel by bicycle in New York, get on a train and get off and keep bicycling, and my father also loved bicycles so it\u2019s like this connection from my elders. My grandfather loved to tell stories and he used to speak a lot with my dad.<\/p>\n<p>When I was a kid, my dad used to put me in the bathtub and make a show for me: he had two different characters and played changing one to another one, changing voices and playing with me\u2026 I like stories. One of my projects is to make a story book about storytelling. In the classroom I created a story about something that we need to teach the kids: don\u2019t throw tantrums, don\u2019t push, don\u2019t fight, so I made stories right away in circle time with the white board and drawing and everything. I want to do it for everybody.<\/p>\n<p>&nbsp;<\/p>\n<p style=\"padding-left: 40px;\"><b>Q:<\/b> <span style=\"font-weight: 400;\">Can you talk more about the different styles of Bomba?<br \/>\n<\/span><\/p>\n<p><span style=\"color: #ff6600;\"><b>A:<\/b><\/span>\u00a0In Santurce we have four basic rhythms: Sic\u00e1, Cuemb\u00e9, Yub\u00e1 and Holand\u00e9. They are the same rhythms in Mayag\u00fcez, and the only difference is that we sing in Spanish in the south and they sing in French in the north west. One of the popular song in Mayaguez that I learn is : Sepulate<\/p>\n<p>Yub\u00e1 rhythm is a 6\/8, the most Afrodescendent rhythms. In the South, Ponce, Guayama, Arroyo, we have Ler\u00f3, Cuny\u00e1 and Cuemb\u00e9, but it is pronounced with \u201cG\u201d <em>G\u00fcemb\u00e9<\/em>. For me the most interesting thing is that on the entire island the buleador drum do the same thing, it keeps the rhythm and pattern but when they play they mute some of the sound. Technically there is the same rhythm but when you play it sounds different.<\/p>\n<p>Another instrument, the cu\u00e1, consists of two sticks. When I started to learn bomba I realized that cu\u00e1 is the one keeping the pattern and you have to learn how to mute it.<\/p>\n<p>In the south you need to learn how to play the cu\u00e1 and then the drums. In the South everything is not so technical as in Santurce. The maracas are the instrument that the singer plays but you need to learn them all, so when you play the buleador you have already passed through the basic steps, and know how to play the maracas and how they sound on each rhythm, to be synchronized.<\/p>\n<p>&nbsp;<\/p>\n<p style=\"padding-left: 40px;\"><b>Q:<\/b> <span style=\"font-weight: 400;\">In the process of learning bomba, did you also learn music theory?<\/span><\/p>\n<p><span style=\"color: #ff6600;\"><b>A: <\/b><\/span><span style=\"font-weight: 400;\">My first instrument was piano. I learned to play piano and used to read music, but now it is like Chinese for me. I would like to re-learn again. I used to have a piano and when I moved to Seattle I gave it to the school for the kids. I have a lot of instruments in my house like a cello, ceramic drums, and a guitar and I want to learn how to play all of them.<\/span><\/p>\n<p>&nbsp;<\/p>\n<p style=\"padding-left: 40px;\"><b>Q:<\/b> Have you ever lost the motivation to play music?<\/p>\n<p><span style=\"color: #ff6600;\"><b>A:<\/b><\/span> <span style=\"font-weight: 400;\">I will never lose the motivation to play music.<br \/>\n<\/span>[\/vc_column_text][\/vc_column][vc_column width=&#8221;1\/3&#8243;][vc_column_text]\n<h4>listen to the conversation<\/h4>\n<div class=\"wp-playlist wp-audio-playlist wp-playlist-light\">\n\t\t\t<div class=\"wp-playlist-current-item\"><\/div>\n\t\t<audio controls=\"controls\" preload=\"none\" width=\"640\"\n\t\t\t><\/audio>\n\t<div class=\"wp-playlist-next\"><\/div>\n\t<div class=\"wp-playlist-prev\"><\/div>\n\t<noscript>\n\t<ol>\n\t\t<li><a href='https:\/\/movimientoafrolatino.org\/wp-content\/uploads\/2021\/12\/Conectandonos-mas_carmela.mp3'>Conectandonos mas_carmela<\/a><\/li>\t<\/ol>\n\t<\/noscript>\n\t<script type=\"application\/json\" class=\"wp-playlist-script\">{\"type\":\"audio\",\"tracklist\":true,\"tracknumbers\":true,\"images\":false,\"artists\":true,\"tracks\":[{\"src\":\"https:\/\/movimientoafrolatino.org\/wp-content\/uploads\/2021\/12\/Conectandonos-mas_carmela.mp3\",\"type\":\"audio\/mpeg\",\"title\":\"Conectandonos mas_carmela\",\"caption\":\"\",\"description\":\"\\\"Conectandonos mas_carmela\\\". Released: 2021.\",\"meta\":{\"year\":\"2021\",\"length_formatted\":\"1:42:46\"},\"image\":{\"src\":\"https:\/\/movimientoafrolatino.org\/wp-includes\/images\/media\/audio.svg\",\"width\":48,\"height\":64},\"thumb\":{\"src\":\"https:\/\/movimientoafrolatino.org\/wp-includes\/images\/media\/audio.svg\",\"width\":48,\"height\":64}}]}<\/script>\n<\/div>\n\t\n[\/vc_column_text][vc_column_text]\n<div class=\"wp-playlist wp-video-playlist wp-playlist-light\">\n\t\t<video controls=\"controls\" preload=\"none\" width=\"640\"\n\t\t height=\"360\"\t><\/video>\n\t<div class=\"wp-playlist-next\"><\/div>\n\t<div class=\"wp-playlist-prev\"><\/div>\n\t<noscript>\n\t<ol>\n\t\t<li><a href='https:\/\/movimientoafrolatino.org\/wp-content\/uploads\/2021\/12\/carmela_vid01.mp4'>Otoqui Playing<\/a><\/li>\t<\/ol>\n\t<\/noscript>\n\t<script type=\"application\/json\" class=\"wp-playlist-script\">{\"type\":\"video\",\"tracklist\":true,\"tracknumbers\":true,\"images\":true,\"artists\":true,\"tracks\":[{\"src\":\"https:\/\/movimientoafrolatino.org\/wp-content\/uploads\/2021\/12\/carmela_vid01.mp4\",\"type\":\"video\/mp4\",\"title\":\"Otoqui Playing\",\"caption\":\"\",\"description\":\"\",\"meta\":{\"length_formatted\":\"1:10\"},\"dimensions\":{\"original\":{\"width\":1920,\"height\":1080},\"resized\":{\"width\":640,\"height\":360}},\"image\":{\"src\":\"https:\/\/movimientoafrolatino.org\/wp-includes\/images\/media\/video.svg\",\"width\":48,\"height\":64},\"thumb\":{\"src\":\"https:\/\/movimientoafrolatino.org\/wp-includes\/images\/media\/video.svg\",\"width\":48,\"height\":64}}]}<\/script>\n<\/div>\n\t\n[\/vc_column_text][vc_row_inner][vc_column_inner][vc_single_image image=&#8221;3461&#8243; img_size=&#8221;full&#8221;][vc_single_image image=&#8221;3436&#8243; img_size=&#8221;full&#8221; onclick=&#8221;custom_link&#8221; link=&#8221;https:\/\/movimientoafrolatino.org\/en\/projects\/connecting-more\/por-nadine\/&#8221;][vc_single_image image=&#8221;3448&#8243; img_size=&#8221;full&#8221; onclick=&#8221;custom_link&#8221; link=&#8221;https:\/\/movimientoafrolatino.org\/en\/projects\/connecting-more\/por-pedro\/&#8221;][vc_single_image image=&#8221;3491&#8243; img_size=&#8221;full&#8221; onclick=&#8221;custom_link&#8221; link=&#8221;https:\/\/movimientoafrolatino.org\/en\/projects\/connecting-more\/por-alek\/&#8221;][vc_single_image image=&#8221;3429&#8243; img_size=&#8221;full&#8221; onclick=&#8221;custom_link&#8221; link=&#8221;https:\/\/movimientoafrolatino.org\/en\/projects\/connecting-more\/por-malaya\/&#8221;][vc_single_image image=&#8221;3443&#8243; img_size=&#8221;full&#8221; onclick=&#8221;custom_link&#8221; link=&#8221;https:\/\/movimientoafrolatino.org\/en\/projects\/connecting-more\/por-nuani\/&#8221;][\/vc_column_inner][\/vc_row_inner][vc_empty_space height=&#8221;200px&#8221;][vc_column_text]\n<h6><span style=\"color: #999999;\"><span style=\"font-weight: 400;\">* <em>Bomba<\/em> music according to Otoqui Reyes: <em>Bomba<\/em> is one of the genres that describes who I am or who we are as Afro-Puerto Ricans. Being created by the three races that distinguish us within it: native (Ta\u00edno), African and Spanish. <em>Bomba<\/em> is the art of expressing your feelings through any of its disciplines: dancing, singing or percussion. Today it is a genre that is not only performed in Puerto Rico but everywhere Puerto Ricans live<\/span><span style=\"font-weight: 400;\">.<\/span><\/span><\/h6>\n[\/vc_column_text][\/vc_column][\/vc_row][vc_section][vc_row][vc_column][vc_separator color=&#8221;orange&#8221;][\/vc_column][\/vc_row][vc_row][vc_column width=&#8221;1\/4&#8243;][vc_single_image image=&#8221;3374&#8243; alignment=&#8221;center&#8221; onclick=&#8221;custom_link&#8221; link=&#8221;https:\/\/movimientoafrolatino.org\/en\/projects\/connecting-more\/carmela-stewart\/&#8221;][\/vc_column][vc_column width=&#8221;1\/4&#8243;][vc_column_text]Yoooo whatsup my name is <strong>Carmela Stewart<\/strong> and I am a 17 year old trans gay man who has a mixed race of Black and Afro Peruvian&#8230; <a href=\"https:\/\/movimientoafrolatino.org\/en\/projects\/connecting-more\/carmela-stewart\/\">More<\/a>[\/vc_column_text][\/vc_column][\/vc_row][\/vc_section]\n<\/div>","protected":false},"excerpt":{"rendered":"<p>[vc_row][vc_column][vc_single_image image=&#8221;3425&#8243; img_size=&#8221;full&#8221; onclick=&#8221;custom_link&#8221; link=&#8221;https:\/\/movimientoafrolatino.org\/en\/projects\/connecting-more\/&#8221;][\/vc_column][\/vc_row][vc_row][vc_column width=&#8221;2\/3&#8243;][vc_column_text]Art project: As an art project Carmela decided to cook a recipe that he learned from Otoqui Reyes, the Afro Puerto Rican artist whom he interviewed. He cooked Pollo Fricassee, a combo of rice and beans, and Puerto Rican cabbage salad. And he also made Alfajores, a dessert that he [&hellip;]<\/p>\n","protected":false},"author":10,"featured_media":0,"parent":3788,"menu_order":0,"comment_status":"closed","ping_status":"closed","template":"","meta":{"nf_dc_page":"","footnotes":""},"class_list":["post-3656","page","type-page","status-publish","hentry"],"_links":{"self":[{"href":"https:\/\/movimientoafrolatino.org\/en\/wp-json\/wp\/v2\/pages\/3656","targetHints":{"allow":["GET"]}}],"collection":[{"href":"https:\/\/movimientoafrolatino.org\/en\/wp-json\/wp\/v2\/pages"}],"about":[{"href":"https:\/\/movimientoafrolatino.org\/en\/wp-json\/wp\/v2\/types\/page"}],"author":[{"embeddable":true,"href":"https:\/\/movimientoafrolatino.org\/en\/wp-json\/wp\/v2\/users\/10"}],"replies":[{"embeddable":true,"href":"https:\/\/movimientoafrolatino.org\/en\/wp-json\/wp\/v2\/comments?post=3656"}],"version-history":[{"count":5,"href":"https:\/\/movimientoafrolatino.org\/en\/wp-json\/wp\/v2\/pages\/3656\/revisions"}],"predecessor-version":[{"id":4105,"href":"https:\/\/movimientoafrolatino.org\/en\/wp-json\/wp\/v2\/pages\/3656\/revisions\/4105"}],"up":[{"embeddable":true,"href":"https:\/\/movimientoafrolatino.org\/en\/wp-json\/wp\/v2\/pages\/3788"}],"wp:attachment":[{"href":"https:\/\/movimientoafrolatino.org\/en\/wp-json\/wp\/v2\/media?parent=3656"}],"curies":[{"name":"wp","href":"https:\/\/api.w.org\/{rel}","templated":true}]}}